{"id":256,"date":"2025-08-21T19:01:43","date_gmt":"2025-08-21T17:01:43","guid":{"rendered":"https:\/\/humushof-stiftung.de\/bbs-popp\/?page_id=256"},"modified":"2025-09-25T21:24:49","modified_gmt":"2025-09-25T19:24:49","slug":"betriebsmittel","status":"publish","type":"page","link":"https:\/\/humushof-stiftung.de\/bbs-popp\/betriebsmittel\/","title":{"rendered":"Betriebsmittel"},"content":{"rendered":"\t\t<div data-elementor-type=\"wp-page\" data-elementor-id=\"256\" class=\"elementor elementor-256\">\n\t\t\t\t<div class=\"elementor-element elementor-element-8e399e8 e-flex e-con-boxed e-con e-parent\" data-id=\"8e399e8\" data-element_type=\"container\" data-e-type=\"container\">\n\t\t\t\t\t<div class=\"e-con-inner\">\n\t\t\t\t<div class=\"elementor-element elementor-element-867dc7c elementor-widget elementor-widget-spacer\" data-id=\"867dc7c\" data-element_type=\"widget\" data-e-type=\"widget\" data-widget_type=\"spacer.default\">\n\t\t\t\t\t\t\t<div class=\"elementor-spacer\">\n\t\t\t<div class=\"elementor-spacer-inner\"><\/div>\n\t\t<\/div>\n\t\t\t\t\t\t<\/div>\n\t\t\t\t<div class=\"elementor-element elementor-element-6c5c37b elementor-widget elementor-widget-spacer\" data-id=\"6c5c37b\" data-element_type=\"widget\" data-e-type=\"widget\" data-widget_type=\"spacer.default\">\n\t\t\t\t\t\t\t<div class=\"elementor-spacer\">\n\t\t\t<div class=\"elementor-spacer-inner\"><\/div>\n\t\t<\/div>\n\t\t\t\t\t\t<\/div>\n\t\t\t\t<div class=\"elementor-element elementor-element-859e8d9 elementor-widget elementor-widget-text-editor\" data-id=\"859e8d9\" data-element_type=\"widget\" data-e-type=\"widget\" data-widget_type=\"text-editor.default\">\n\t\t\t\t\t\t\t\t\t<h2>Organisation und Verkauf von Sammelbestellungen<\/h2><h2>f\u00fcr Sonderd\u00fcnger zu fairen Preisen<\/h2><p>\u00a0<\/p><p>Beratung und Verkauf von Pflanzenst\u00e4rkungsmitteln<\/p><p>\u00a0<\/p><p>Was sollte wann und wie, wo angewendet werden?<\/p><ul><li>\u00a0<\/li><\/ul>\t\t\t\t\t\t\t\t<\/div>\n\t\t\t\t<div class=\"elementor-element elementor-element-50b193c elementor-widget elementor-widget-text-editor\" data-id=\"50b193c\" data-element_type=\"widget\" data-e-type=\"widget\" data-widget_type=\"text-editor.default\">\n\t\t\t\t\t\t\t\t\t<p>Beratung und Verkauf von Betriebsmitteln<\/p><p>\u00a0<\/p><ul><li>Pflanzen-Hilfsstoffe<\/li><li>\u00a0<\/li><\/ul><ul><li>Schnellwirksame Kalke mit hohen Reaktivit\u00e4ten<\/li><li>\u00a0<\/li><\/ul><ul><li>Dolomit<\/li><li>\u00a0<\/li><\/ul><ul><li>D\u00fcnger (Gips-D\u00fcnger, Silicium-D\u00fcnger)<\/li><li>\u00a0<\/li><\/ul><ul><li>Saatgut<\/li><li>\u00a0<\/li><li>Saatgutmittel zur Steigerung des gesunden Pflanzenwachstum<\/li><li>\u00a0<\/li><\/ul><ul><li>F\u00fcr Getreide, Mais und Kartoffeln f\u00fcr Bio-Betriebe zugelassen<\/li><\/ul>\t\t\t\t\t\t\t\t<\/div>\n\t\t\t\t<div class=\"elementor-element elementor-element-8fa1982 elementor-widget elementor-widget-image\" data-id=\"8fa1982\" data-element_type=\"widget\" data-e-type=\"widget\" data-widget_type=\"image.default\">\n\t\t\t\t\t\t\t\t\t\t\t\t\t\t\t<img fetchpriority=\"high\" decoding=\"async\" width=\"225\" height=\"300\" src=\"https:\/\/humushof-stiftung.de\/bbs-popp\/wp-content\/uploads\/sites\/2\/2025\/09\/IMG_0669_Bild-Ergaenzung-25.09.25-225x300.jpg\" class=\"attachment-medium size-medium wp-image-448\" alt=\"\" srcset=\"https:\/\/humushof-stiftung.de\/bbs-popp\/wp-content\/uploads\/sites\/2\/2025\/09\/IMG_0669_Bild-Ergaenzung-25.09.25-225x300.jpg 225w, https:\/\/humushof-stiftung.de\/bbs-popp\/wp-content\/uploads\/sites\/2\/2025\/09\/IMG_0669_Bild-Ergaenzung-25.09.25-rotated.jpg 480w\" sizes=\"(max-width: 225px) 100vw, 225px\" \/>\t\t\t\t\t\t\t\t\t\t\t\t\t\t\t<\/div>\n\t\t\t\t<div class=\"elementor-element elementor-element-8871985 elementor-widget elementor-widget-text-editor\" data-id=\"8871985\" data-element_type=\"widget\" data-e-type=\"widget\" data-widget_type=\"text-editor.default\">\n\t\t\t\t\t\t\t\t\t<ul><li>Vergr\u00e4hmungsmittel gegen M\u00e4use, Wildschweine, Kr\u00e4hen und Drahtw\u00fcrmer &#8211; werden durch Spr\u00fchger\u00e4t mit ca. 300 Liter Wasser pro Hektar ausgebracht<\/li><li>\u00a0<\/li><\/ul><ul><li>Melkmaschinen-Reiniger und Dippmittel<\/li><\/ul>\t\t\t\t\t\t\t\t<\/div>\n\t\t\t\t\t<\/div>\n\t\t\t\t<\/div>\n\t\t\t\t<\/div>\n\t\t","protected":false},"excerpt":{"rendered":"<p>Organisation und Verkauf von Sammelbestellungen f\u00fcr Sonderd\u00fcnger zu fairen Preisen \u00a0 Beratung und Verkauf von Pflanzenst\u00e4rkungsmitteln \u00a0 Was sollte wann und wie, wo angewendet werden? \u00a0 Beratung und Verkauf von Betriebsmitteln \u00a0 Pflanzen-Hilfsstoffe \u00a0 Schnellwirksame Kalke mit hohen Reaktivit\u00e4ten \u00a0 Dolomit \u00a0 D\u00fcnger (Gips-D\u00fcnger, Silicium-D\u00fcnger) \u00a0 Saatgut \u00a0 Saatgutmittel zur Steigerung des gesunden Pflanzenwachstum \u00a0 F\u00fcr Getreide, Mais und Kartoffeln f\u00fcr Bio-Betriebe zugelassen Vergr\u00e4hmungsmittel gegen M\u00e4use, Wildschweine, Kr\u00e4hen und Drahtw\u00fcrmer &#8211; werden durch Spr\u00fchger\u00e4t mit ca. 300 Liter Wasser pro Hektar ausgebracht \u00a0 Melkmaschinen-Reiniger und Dippmittel<\/p>\n","protected":false},"author":2,"featured_media":0,"parent":0,"menu_order":0,"comment_status":"closed","ping_status":"closed","template":"elementor_header_footer","meta":{"footnotes":""},"class_list":["post-256","page","type-page","status-publish","hentry"],"yoast_head":"<!-- This site is optimized with the Yoast SEO plugin v27.4 - https:\/\/yoast.com\/product\/yoast-seo-wordpress\/ -->\n<title>Betriebsmittel - Beratung - Betriebsmittel - Service<\/title>\n<meta name=\"robots\" content=\"index, follow, max-snippet:-1, max-image-preview:large, max-video-preview:-1\" \/>\n<link rel=\"canonical\" href=\"https:\/\/humushof-stiftung.de\/bbs-popp\/betriebsmittel\/\" \/>\n<meta property=\"og:locale\" content=\"de_DE\" \/>\n<meta property=\"og:type\" content=\"article\" \/>\n<meta property=\"og:title\" content=\"Betriebsmittel - Beratung - Betriebsmittel - Service\" \/>\n<meta property=\"og:description\" content=\"Organisation und Verkauf von Sammelbestellungen f\u00fcr Sonderd\u00fcnger zu fairen Preisen \u00a0 Beratung und Verkauf von Pflanzenst\u00e4rkungsmitteln \u00a0 Was sollte wann und wie, wo angewendet werden? \u00a0 Beratung und Verkauf von Betriebsmitteln \u00a0 Pflanzen-Hilfsstoffe \u00a0 Schnellwirksame Kalke mit hohen Reaktivit\u00e4ten \u00a0 Dolomit \u00a0 D\u00fcnger (Gips-D\u00fcnger, Silicium-D\u00fcnger) \u00a0 Saatgut \u00a0 Saatgutmittel zur Steigerung des gesunden Pflanzenwachstum \u00a0 F\u00fcr Getreide, Mais und Kartoffeln f\u00fcr Bio-Betriebe zugelassen Vergr\u00e4hmungsmittel gegen M\u00e4use, Wildschweine, Kr\u00e4hen und Drahtw\u00fcrmer &#8211; werden durch Spr\u00fchger\u00e4t mit ca. 300 Liter Wasser pro Hektar ausgebracht \u00a0 Melkmaschinen-Reiniger und Dippmittel\" \/>\n<meta property=\"og:url\" content=\"https:\/\/humushof-stiftung.de\/bbs-popp\/betriebsmittel\/\" \/>\n<meta property=\"og:site_name\" content=\"Beratung - Betriebsmittel - Service\" \/>\n<meta property=\"article:modified_time\" content=\"2025-09-25T19:24:49+00:00\" \/>\n<meta property=\"og:image\" content=\"https:\/\/humushof-stiftung.de\/bbs-popp\/wp-content\/uploads\/sites\/2\/2025\/09\/IMG_0669_Bild-Ergaenzung-25.09.25-rotated.jpg\" \/>\n\t<meta property=\"og:image:width\" content=\"480\" \/>\n\t<meta property=\"og:image:height\" content=\"640\" \/>\n\t<meta property=\"og:image:type\" content=\"image\/jpeg\" \/>\n<meta name=\"twitter:card\" content=\"summary_large_image\" \/>\n<meta name=\"twitter:label1\" content=\"Gesch\u00e4tzte Lesezeit\" \/>\n\t<meta name=\"twitter:data1\" content=\"1\u00a0Minute\" \/>\n<script type=\"application\/ld+json\" class=\"yoast-schema-graph\">{\"@context\":\"https:\\\/\\\/schema.org\",\"@graph\":[{\"@type\":\"WebPage\",\"@id\":\"https:\\\/\\\/humushof-stiftung.de\\\/bbs-popp\\\/betriebsmittel\\\/\",\"url\":\"https:\\\/\\\/humushof-stiftung.de\\\/bbs-popp\\\/betriebsmittel\\\/\",\"name\":\"Betriebsmittel - Beratung - Betriebsmittel - Service\",\"isPartOf\":{\"@id\":\"https:\\\/\\\/humushof-stiftung.de\\\/bbs-popp\\\/#website\"},\"primaryImageOfPage\":{\"@id\":\"https:\\\/\\\/humushof-stiftung.de\\\/bbs-popp\\\/betriebsmittel\\\/#primaryimage\"},\"image\":{\"@id\":\"https:\\\/\\\/humushof-stiftung.de\\\/bbs-popp\\\/betriebsmittel\\\/#primaryimage\"},\"thumbnailUrl\":\"https:\\\/\\\/humushof-stiftung.de\\\/bbs-popp\\\/wp-content\\\/uploads\\\/sites\\\/2\\\/2025\\\/09\\\/IMG_0669_Bild-Ergaenzung-25.09.25-225x300.jpg\",\"datePublished\":\"2025-08-21T17:01:43+00:00\",\"dateModified\":\"2025-09-25T19:24:49+00:00\",\"breadcrumb\":{\"@id\":\"https:\\\/\\\/humushof-stiftung.de\\\/bbs-popp\\\/betriebsmittel\\\/#breadcrumb\"},\"inLanguage\":\"de\",\"potentialAction\":[{\"@type\":\"ReadAction\",\"target\":[\"https:\\\/\\\/humushof-stiftung.de\\\/bbs-popp\\\/betriebsmittel\\\/\"]}]},{\"@type\":\"ImageObject\",\"inLanguage\":\"de\",\"@id\":\"https:\\\/\\\/humushof-stiftung.de\\\/bbs-popp\\\/betriebsmittel\\\/#primaryimage\",\"url\":\"https:\\\/\\\/humushof-stiftung.de\\\/bbs-popp\\\/wp-content\\\/uploads\\\/sites\\\/2\\\/2025\\\/09\\\/IMG_0669_Bild-Ergaenzung-25.09.25-rotated.jpg\",\"contentUrl\":\"https:\\\/\\\/humushof-stiftung.de\\\/bbs-popp\\\/wp-content\\\/uploads\\\/sites\\\/2\\\/2025\\\/09\\\/IMG_0669_Bild-Ergaenzung-25.09.25-rotated.jpg\",\"width\":480,\"height\":640},{\"@type\":\"BreadcrumbList\",\"@id\":\"https:\\\/\\\/humushof-stiftung.de\\\/bbs-popp\\\/betriebsmittel\\\/#breadcrumb\",\"itemListElement\":[{\"@type\":\"ListItem\",\"position\":1,\"name\":\"Startseite\",\"item\":\"https:\\\/\\\/humushof-stiftung.de\\\/bbs-popp\\\/\"},{\"@type\":\"ListItem\",\"position\":2,\"name\":\"Betriebsmittel\"}]},{\"@type\":\"WebSite\",\"@id\":\"https:\\\/\\\/humushof-stiftung.de\\\/bbs-popp\\\/#website\",\"url\":\"https:\\\/\\\/humushof-stiftung.de\\\/bbs-popp\\\/\",\"name\":\"Beratung - Betriebsmittel - Service\",\"description\":\"Michael Popp\",\"potentialAction\":[{\"@type\":\"SearchAction\",\"target\":{\"@type\":\"EntryPoint\",\"urlTemplate\":\"https:\\\/\\\/humushof-stiftung.de\\\/bbs-popp\\\/?s={search_term_string}\"},\"query-input\":{\"@type\":\"PropertyValueSpecification\",\"valueRequired\":true,\"valueName\":\"search_term_string\"}}],\"inLanguage\":\"de\"}]}<\/script>\n<!-- \/ Yoast SEO plugin. -->","yoast_head_json":{"title":"Betriebsmittel - Beratung - Betriebsmittel - Service","robots":{"index":"index","follow":"follow","max-snippet":"max-snippet:-1","max-image-preview":"max-image-preview:large","max-video-preview":"max-video-preview:-1"},"canonical":"https:\/\/humushof-stiftung.de\/bbs-popp\/betriebsmittel\/","og_locale":"de_DE","og_type":"article","og_title":"Betriebsmittel - Beratung - Betriebsmittel - Service","og_description":"Organisation und Verkauf von Sammelbestellungen f\u00fcr Sonderd\u00fcnger zu fairen Preisen \u00a0 Beratung und Verkauf von Pflanzenst\u00e4rkungsmitteln \u00a0 Was sollte wann und wie, wo angewendet werden? \u00a0 Beratung und Verkauf von Betriebsmitteln \u00a0 Pflanzen-Hilfsstoffe \u00a0 Schnellwirksame Kalke mit hohen Reaktivit\u00e4ten \u00a0 Dolomit \u00a0 D\u00fcnger (Gips-D\u00fcnger, Silicium-D\u00fcnger) \u00a0 Saatgut \u00a0 Saatgutmittel zur Steigerung des gesunden Pflanzenwachstum \u00a0 F\u00fcr Getreide, Mais und Kartoffeln f\u00fcr Bio-Betriebe zugelassen Vergr\u00e4hmungsmittel gegen M\u00e4use, Wildschweine, Kr\u00e4hen und Drahtw\u00fcrmer &#8211; werden durch Spr\u00fchger\u00e4t mit ca. 300 Liter Wasser pro Hektar ausgebracht \u00a0 Melkmaschinen-Reiniger und Dippmittel","og_url":"https:\/\/humushof-stiftung.de\/bbs-popp\/betriebsmittel\/","og_site_name":"Beratung - Betriebsmittel - Service","article_modified_time":"2025-09-25T19:24:49+00:00","og_image":[{"width":480,"height":640,"url":"https:\/\/humushof-stiftung.de\/bbs-popp\/wp-content\/uploads\/sites\/2\/2025\/09\/IMG_0669_Bild-Ergaenzung-25.09.25-rotated.jpg","type":"image\/jpeg"}],"twitter_card":"summary_large_image","twitter_misc":{"Gesch\u00e4tzte Lesezeit":"1\u00a0Minute"},"schema":{"@context":"https:\/\/schema.org","@graph":[{"@type":"WebPage","@id":"https:\/\/humushof-stiftung.de\/bbs-popp\/betriebsmittel\/","url":"https:\/\/humushof-stiftung.de\/bbs-popp\/betriebsmittel\/","name":"Betriebsmittel - Beratung - Betriebsmittel - Service","isPartOf":{"@id":"https:\/\/humushof-stiftung.de\/bbs-popp\/#website"},"primaryImageOfPage":{"@id":"https:\/\/humushof-stiftung.de\/bbs-popp\/betriebsmittel\/#primaryimage"},"image":{"@id":"https:\/\/humushof-stiftung.de\/bbs-popp\/betriebsmittel\/#primaryimage"},"thumbnailUrl":"https:\/\/humushof-stiftung.de\/bbs-popp\/wp-content\/uploads\/sites\/2\/2025\/09\/IMG_0669_Bild-Ergaenzung-25.09.25-225x300.jpg","datePublished":"2025-08-21T17:01:43+00:00","dateModified":"2025-09-25T19:24:49+00:00","breadcrumb":{"@id":"https:\/\/humushof-stiftung.de\/bbs-popp\/betriebsmittel\/#breadcrumb"},"inLanguage":"de","potentialAction":[{"@type":"ReadAction","target":["https:\/\/humushof-stiftung.de\/bbs-popp\/betriebsmittel\/"]}]},{"@type":"ImageObject","inLanguage":"de","@id":"https:\/\/humushof-stiftung.de\/bbs-popp\/betriebsmittel\/#primaryimage","url":"https:\/\/humushof-stiftung.de\/bbs-popp\/wp-content\/uploads\/sites\/2\/2025\/09\/IMG_0669_Bild-Ergaenzung-25.09.25-rotated.jpg","contentUrl":"https:\/\/humushof-stiftung.de\/bbs-popp\/wp-content\/uploads\/sites\/2\/2025\/09\/IMG_0669_Bild-Ergaenzung-25.09.25-rotated.jpg","width":480,"height":640},{"@type":"BreadcrumbList","@id":"https:\/\/humushof-stiftung.de\/bbs-popp\/betriebsmittel\/#breadcrumb","itemListElement":[{"@type":"ListItem","position":1,"name":"Startseite","item":"https:\/\/humushof-stiftung.de\/bbs-popp\/"},{"@type":"ListItem","position":2,"name":"Betriebsmittel"}]},{"@type":"WebSite","@id":"https:\/\/humushof-stiftung.de\/bbs-popp\/#website","url":"https:\/\/humushof-stiftung.de\/bbs-popp\/","name":"Beratung - Betriebsmittel - Service","description":"Michael Popp","potentialAction":[{"@type":"SearchAction","target":{"@type":"EntryPoint","urlTemplate":"https:\/\/humushof-stiftung.de\/bbs-popp\/?s={search_term_string}"},"query-input":{"@type":"PropertyValueSpecification","valueRequired":true,"valueName":"search_term_string"}}],"inLanguage":"de"}]}},"_links":{"self":[{"href":"https:\/\/humushof-stiftung.de\/bbs-popp\/wp-json\/wp\/v2\/pages\/256","targetHints":{"allow":["GET"]}}],"collection":[{"href":"https:\/\/humushof-stiftung.de\/bbs-popp\/wp-json\/wp\/v2\/pages"}],"about":[{"href":"https:\/\/humushof-stiftung.de\/bbs-popp\/wp-json\/wp\/v2\/types\/page"}],"author":[{"embeddable":true,"href":"https:\/\/humushof-stiftung.de\/bbs-popp\/wp-json\/wp\/v2\/users\/2"}],"replies":[{"embeddable":true,"href":"https:\/\/humushof-stiftung.de\/bbs-popp\/wp-json\/wp\/v2\/comments?post=256"}],"version-history":[{"count":22,"href":"https:\/\/humushof-stiftung.de\/bbs-popp\/wp-json\/wp\/v2\/pages\/256\/revisions"}],"predecessor-version":[{"id":461,"href":"https:\/\/humushof-stiftung.de\/bbs-popp\/wp-json\/wp\/v2\/pages\/256\/revisions\/461"}],"wp:attachment":[{"href":"https:\/\/humushof-stiftung.de\/bbs-popp\/wp-json\/wp\/v2\/media?parent=256"}],"curies":[{"name":"wp","href":"https:\/\/api.w.org\/{rel}","templated":true}]}}