{"id":265,"date":"2025-08-21T19:04:52","date_gmt":"2025-08-21T17:04:52","guid":{"rendered":"https:\/\/humushof-stiftung.de\/bbs-popp\/?page_id=265"},"modified":"2025-10-09T18:33:32","modified_gmt":"2025-10-09T16:33:32","slug":"service","status":"publish","type":"page","link":"https:\/\/humushof-stiftung.de\/bbs-popp\/service\/","title":{"rendered":"Service"},"content":{"rendered":"\t\t<div data-elementor-type=\"wp-page\" data-elementor-id=\"265\" class=\"elementor elementor-265\">\n\t\t\t\t<div class=\"elementor-element elementor-element-a3f3ec2 e-flex e-con-boxed e-con e-parent\" data-id=\"a3f3ec2\" data-element_type=\"container\" data-e-type=\"container\">\n\t\t\t\t\t<div class=\"e-con-inner\">\n\t\t\t\t<div class=\"elementor-element elementor-element-be15791 elementor-widget elementor-widget-spacer\" data-id=\"be15791\" data-element_type=\"widget\" data-e-type=\"widget\" data-widget_type=\"spacer.default\">\n\t\t\t\t\t\t\t<div class=\"elementor-spacer\">\n\t\t\t<div class=\"elementor-spacer-inner\"><\/div>\n\t\t<\/div>\n\t\t\t\t\t\t<\/div>\n\t\t\t\t<div class=\"elementor-element elementor-element-ba211eb elementor-widget elementor-widget-spacer\" data-id=\"ba211eb\" data-element_type=\"widget\" data-e-type=\"widget\" data-widget_type=\"spacer.default\">\n\t\t\t\t\t\t\t<div class=\"elementor-spacer\">\n\t\t\t<div class=\"elementor-spacer-inner\"><\/div>\n\t\t<\/div>\n\t\t\t\t\t\t<\/div>\n\t\t\t\t<div class=\"elementor-element elementor-element-721ece0 elementor-widget elementor-widget-text-editor\" data-id=\"721ece0\" data-element_type=\"widget\" data-e-type=\"widget\" data-widget_type=\"text-editor.default\">\n\t\t\t\t\t\t\t\t\t<p>Gezielte Bodenuntersuchungen zur Verbesserung der Bodengesundheit und Ertragsf\u00e4higkeit<\/p>\t\t\t\t\t\t\t\t<\/div>\n\t\t\t\t<div class=\"elementor-element elementor-element-ff44897 elementor-widget elementor-widget-spacer\" data-id=\"ff44897\" data-element_type=\"widget\" data-e-type=\"widget\" data-widget_type=\"spacer.default\">\n\t\t\t\t\t\t\t<div class=\"elementor-spacer\">\n\t\t\t<div class=\"elementor-spacer-inner\"><\/div>\n\t\t<\/div>\n\t\t\t\t\t\t<\/div>\n\t\t\t\t<div class=\"elementor-element elementor-element-57ac81b elementor-widget elementor-widget-text-editor\" data-id=\"57ac81b\" data-element_type=\"widget\" data-e-type=\"widget\" data-widget_type=\"text-editor.default\">\n\t\t\t\t\t\t\t\t\t<p>Seminare zur Erarbeitung eigener L\u00f6sungsans\u00e4tze zu Betriebs-Entwicklung und Vermarktungsm\u00f6glichkeiten\u00a0<\/p>\t\t\t\t\t\t\t\t<\/div>\n\t\t\t\t<div class=\"elementor-element elementor-element-6dddc52 elementor-widget elementor-widget-spacer\" data-id=\"6dddc52\" data-element_type=\"widget\" data-e-type=\"widget\" data-widget_type=\"spacer.default\">\n\t\t\t\t\t\t\t<div class=\"elementor-spacer\">\n\t\t\t<div class=\"elementor-spacer-inner\"><\/div>\n\t\t<\/div>\n\t\t\t\t\t\t<\/div>\n\t\t\t\t<div class=\"elementor-element elementor-element-baf732d elementor-widget elementor-widget-text-editor\" data-id=\"baf732d\" data-element_type=\"widget\" data-e-type=\"widget\" data-widget_type=\"text-editor.default\">\n\t\t\t\t\t\t\t\t\t<p>Ausbringung von Zwischenfrucht, Saatgut oder Pflanzenst\u00e4rkungsmittel durch Partnerunternehmen mit Hilfe von Agrar-Drohne<\/p>\t\t\t\t\t\t\t\t<\/div>\n\t\t\t\t\t<\/div>\n\t\t\t\t<\/div>\n\t\t<div class=\"elementor-element elementor-element-ca5a7a5 e-flex e-con-boxed e-con e-parent\" data-id=\"ca5a7a5\" data-element_type=\"container\" data-e-type=\"container\">\n\t\t\t\t\t<div class=\"e-con-inner\">\n\t\t\t\t<div class=\"elementor-element elementor-element-eaba10c elementor-widget elementor-widget-spacer\" data-id=\"eaba10c\" data-element_type=\"widget\" data-e-type=\"widget\" data-widget_type=\"spacer.default\">\n\t\t\t\t\t\t\t<div class=\"elementor-spacer\">\n\t\t\t<div class=\"elementor-spacer-inner\"><\/div>\n\t\t<\/div>\n\t\t\t\t\t\t<\/div>\n\t\t\t\t<div class=\"elementor-element elementor-element-be304fb elementor-widget elementor-widget-image\" data-id=\"be304fb\" data-element_type=\"widget\" data-e-type=\"widget\" data-widget_type=\"image.default\">\n\t\t\t\t\t\t\t\t\t\t\t\t\t\t\t<img fetchpriority=\"high\" decoding=\"async\" width=\"640\" height=\"480\" src=\"https:\/\/humushof-stiftung.de\/bbs-popp\/wp-content\/uploads\/sites\/2\/2025\/10\/IMG_1077.jpg\" class=\"attachment-large size-large wp-image-484\" alt=\"\" srcset=\"https:\/\/humushof-stiftung.de\/bbs-popp\/wp-content\/uploads\/sites\/2\/2025\/10\/IMG_1077.jpg 640w, https:\/\/humushof-stiftung.de\/bbs-popp\/wp-content\/uploads\/sites\/2\/2025\/10\/IMG_1077-300x225.jpg 300w\" sizes=\"(max-width: 640px) 100vw, 640px\" \/>\t\t\t\t\t\t\t\t\t\t\t\t\t\t\t<\/div>\n\t\t\t\t\t<\/div>\n\t\t\t\t<\/div>\n\t\t\t\t<\/div>\n\t\t","protected":false},"excerpt":{"rendered":"<p>Gezielte Bodenuntersuchungen zur Verbesserung der Bodengesundheit und Ertragsf\u00e4higkeit Seminare zur Erarbeitung eigener L\u00f6sungsans\u00e4tze zu Betriebs-Entwicklung und Vermarktungsm\u00f6glichkeiten\u00a0 Ausbringung von Zwischenfrucht, Saatgut oder Pflanzenst\u00e4rkungsmittel durch Partnerunternehmen mit Hilfe von Agrar-Drohne<\/p>\n","protected":false},"author":2,"featured_media":0,"parent":0,"menu_order":0,"comment_status":"closed","ping_status":"closed","template":"elementor_header_footer","meta":{"footnotes":""},"class_list":["post-265","page","type-page","status-publish","hentry"],"yoast_head":"<!-- This site is optimized with the Yoast SEO plugin v27.4 - https:\/\/yoast.com\/product\/yoast-seo-wordpress\/ -->\n<title>Service - Beratung - Betriebsmittel - Service<\/title>\n<meta name=\"robots\" content=\"index, follow, max-snippet:-1, max-image-preview:large, max-video-preview:-1\" \/>\n<link rel=\"canonical\" href=\"https:\/\/humushof-stiftung.de\/bbs-popp\/service\/\" \/>\n<meta property=\"og:locale\" content=\"de_DE\" \/>\n<meta property=\"og:type\" content=\"article\" \/>\n<meta property=\"og:title\" content=\"Service - Beratung - Betriebsmittel - Service\" \/>\n<meta property=\"og:description\" content=\"Gezielte Bodenuntersuchungen zur Verbesserung der Bodengesundheit und Ertragsf\u00e4higkeit Seminare zur Erarbeitung eigener L\u00f6sungsans\u00e4tze zu Betriebs-Entwicklung und Vermarktungsm\u00f6glichkeiten\u00a0 Ausbringung von Zwischenfrucht, Saatgut oder Pflanzenst\u00e4rkungsmittel durch Partnerunternehmen mit Hilfe von Agrar-Drohne\" \/>\n<meta property=\"og:url\" content=\"https:\/\/humushof-stiftung.de\/bbs-popp\/service\/\" \/>\n<meta property=\"og:site_name\" content=\"Beratung - Betriebsmittel - Service\" \/>\n<meta property=\"article:modified_time\" content=\"2025-10-09T16:33:32+00:00\" \/>\n<meta property=\"og:image\" content=\"https:\/\/humushof-stiftung.de\/bbs-popp\/wp-content\/uploads\/sites\/2\/2025\/10\/IMG_1077.jpg\" \/>\n\t<meta property=\"og:image:width\" content=\"640\" \/>\n\t<meta property=\"og:image:height\" content=\"480\" \/>\n\t<meta property=\"og:image:type\" content=\"image\/jpeg\" \/>\n<meta name=\"twitter:card\" content=\"summary_large_image\" \/>\n<meta name=\"twitter:label1\" content=\"Gesch\u00e4tzte Lesezeit\" \/>\n\t<meta name=\"twitter:data1\" content=\"1\u00a0Minute\" \/>\n<script type=\"application\/ld+json\" class=\"yoast-schema-graph\">{\"@context\":\"https:\\\/\\\/schema.org\",\"@graph\":[{\"@type\":\"WebPage\",\"@id\":\"https:\\\/\\\/humushof-stiftung.de\\\/bbs-popp\\\/service\\\/\",\"url\":\"https:\\\/\\\/humushof-stiftung.de\\\/bbs-popp\\\/service\\\/\",\"name\":\"Service - Beratung - Betriebsmittel - Service\",\"isPartOf\":{\"@id\":\"https:\\\/\\\/humushof-stiftung.de\\\/bbs-popp\\\/#website\"},\"primaryImageOfPage\":{\"@id\":\"https:\\\/\\\/humushof-stiftung.de\\\/bbs-popp\\\/service\\\/#primaryimage\"},\"image\":{\"@id\":\"https:\\\/\\\/humushof-stiftung.de\\\/bbs-popp\\\/service\\\/#primaryimage\"},\"thumbnailUrl\":\"https:\\\/\\\/humushof-stiftung.de\\\/bbs-popp\\\/wp-content\\\/uploads\\\/sites\\\/2\\\/2025\\\/10\\\/IMG_1077.jpg\",\"datePublished\":\"2025-08-21T17:04:52+00:00\",\"dateModified\":\"2025-10-09T16:33:32+00:00\",\"breadcrumb\":{\"@id\":\"https:\\\/\\\/humushof-stiftung.de\\\/bbs-popp\\\/service\\\/#breadcrumb\"},\"inLanguage\":\"de\",\"potentialAction\":[{\"@type\":\"ReadAction\",\"target\":[\"https:\\\/\\\/humushof-stiftung.de\\\/bbs-popp\\\/service\\\/\"]}]},{\"@type\":\"ImageObject\",\"inLanguage\":\"de\",\"@id\":\"https:\\\/\\\/humushof-stiftung.de\\\/bbs-popp\\\/service\\\/#primaryimage\",\"url\":\"https:\\\/\\\/humushof-stiftung.de\\\/bbs-popp\\\/wp-content\\\/uploads\\\/sites\\\/2\\\/2025\\\/10\\\/IMG_1077.jpg\",\"contentUrl\":\"https:\\\/\\\/humushof-stiftung.de\\\/bbs-popp\\\/wp-content\\\/uploads\\\/sites\\\/2\\\/2025\\\/10\\\/IMG_1077.jpg\",\"width\":640,\"height\":480},{\"@type\":\"BreadcrumbList\",\"@id\":\"https:\\\/\\\/humushof-stiftung.de\\\/bbs-popp\\\/service\\\/#breadcrumb\",\"itemListElement\":[{\"@type\":\"ListItem\",\"position\":1,\"name\":\"Startseite\",\"item\":\"https:\\\/\\\/humushof-stiftung.de\\\/bbs-popp\\\/\"},{\"@type\":\"ListItem\",\"position\":2,\"name\":\"Service\"}]},{\"@type\":\"WebSite\",\"@id\":\"https:\\\/\\\/humushof-stiftung.de\\\/bbs-popp\\\/#website\",\"url\":\"https:\\\/\\\/humushof-stiftung.de\\\/bbs-popp\\\/\",\"name\":\"Beratung - Betriebsmittel - Service\",\"description\":\"Michael Popp\",\"potentialAction\":[{\"@type\":\"SearchAction\",\"target\":{\"@type\":\"EntryPoint\",\"urlTemplate\":\"https:\\\/\\\/humushof-stiftung.de\\\/bbs-popp\\\/?s={search_term_string}\"},\"query-input\":{\"@type\":\"PropertyValueSpecification\",\"valueRequired\":true,\"valueName\":\"search_term_string\"}}],\"inLanguage\":\"de\"}]}<\/script>\n<!-- \/ Yoast SEO plugin. -->","yoast_head_json":{"title":"Service - Beratung - Betriebsmittel - Service","robots":{"index":"index","follow":"follow","max-snippet":"max-snippet:-1","max-image-preview":"max-image-preview:large","max-video-preview":"max-video-preview:-1"},"canonical":"https:\/\/humushof-stiftung.de\/bbs-popp\/service\/","og_locale":"de_DE","og_type":"article","og_title":"Service - Beratung - Betriebsmittel - Service","og_description":"Gezielte Bodenuntersuchungen zur Verbesserung der Bodengesundheit und Ertragsf\u00e4higkeit Seminare zur Erarbeitung eigener L\u00f6sungsans\u00e4tze zu Betriebs-Entwicklung und Vermarktungsm\u00f6glichkeiten\u00a0 Ausbringung von Zwischenfrucht, Saatgut oder Pflanzenst\u00e4rkungsmittel durch Partnerunternehmen mit Hilfe von Agrar-Drohne","og_url":"https:\/\/humushof-stiftung.de\/bbs-popp\/service\/","og_site_name":"Beratung - Betriebsmittel - Service","article_modified_time":"2025-10-09T16:33:32+00:00","og_image":[{"width":640,"height":480,"url":"https:\/\/humushof-stiftung.de\/bbs-popp\/wp-content\/uploads\/sites\/2\/2025\/10\/IMG_1077.jpg","type":"image\/jpeg"}],"twitter_card":"summary_large_image","twitter_misc":{"Gesch\u00e4tzte Lesezeit":"1\u00a0Minute"},"schema":{"@context":"https:\/\/schema.org","@graph":[{"@type":"WebPage","@id":"https:\/\/humushof-stiftung.de\/bbs-popp\/service\/","url":"https:\/\/humushof-stiftung.de\/bbs-popp\/service\/","name":"Service - Beratung - Betriebsmittel - Service","isPartOf":{"@id":"https:\/\/humushof-stiftung.de\/bbs-popp\/#website"},"primaryImageOfPage":{"@id":"https:\/\/humushof-stiftung.de\/bbs-popp\/service\/#primaryimage"},"image":{"@id":"https:\/\/humushof-stiftung.de\/bbs-popp\/service\/#primaryimage"},"thumbnailUrl":"https:\/\/humushof-stiftung.de\/bbs-popp\/wp-content\/uploads\/sites\/2\/2025\/10\/IMG_1077.jpg","datePublished":"2025-08-21T17:04:52+00:00","dateModified":"2025-10-09T16:33:32+00:00","breadcrumb":{"@id":"https:\/\/humushof-stiftung.de\/bbs-popp\/service\/#breadcrumb"},"inLanguage":"de","potentialAction":[{"@type":"ReadAction","target":["https:\/\/humushof-stiftung.de\/bbs-popp\/service\/"]}]},{"@type":"ImageObject","inLanguage":"de","@id":"https:\/\/humushof-stiftung.de\/bbs-popp\/service\/#primaryimage","url":"https:\/\/humushof-stiftung.de\/bbs-popp\/wp-content\/uploads\/sites\/2\/2025\/10\/IMG_1077.jpg","contentUrl":"https:\/\/humushof-stiftung.de\/bbs-popp\/wp-content\/uploads\/sites\/2\/2025\/10\/IMG_1077.jpg","width":640,"height":480},{"@type":"BreadcrumbList","@id":"https:\/\/humushof-stiftung.de\/bbs-popp\/service\/#breadcrumb","itemListElement":[{"@type":"ListItem","position":1,"name":"Startseite","item":"https:\/\/humushof-stiftung.de\/bbs-popp\/"},{"@type":"ListItem","position":2,"name":"Service"}]},{"@type":"WebSite","@id":"https:\/\/humushof-stiftung.de\/bbs-popp\/#website","url":"https:\/\/humushof-stiftung.de\/bbs-popp\/","name":"Beratung - Betriebsmittel - Service","description":"Michael Popp","potentialAction":[{"@type":"SearchAction","target":{"@type":"EntryPoint","urlTemplate":"https:\/\/humushof-stiftung.de\/bbs-popp\/?s={search_term_string}"},"query-input":{"@type":"PropertyValueSpecification","valueRequired":true,"valueName":"search_term_string"}}],"inLanguage":"de"}]}},"_links":{"self":[{"href":"https:\/\/humushof-stiftung.de\/bbs-popp\/wp-json\/wp\/v2\/pages\/265","targetHints":{"allow":["GET"]}}],"collection":[{"href":"https:\/\/humushof-stiftung.de\/bbs-popp\/wp-json\/wp\/v2\/pages"}],"about":[{"href":"https:\/\/humushof-stiftung.de\/bbs-popp\/wp-json\/wp\/v2\/types\/page"}],"author":[{"embeddable":true,"href":"https:\/\/humushof-stiftung.de\/bbs-popp\/wp-json\/wp\/v2\/users\/2"}],"replies":[{"embeddable":true,"href":"https:\/\/humushof-stiftung.de\/bbs-popp\/wp-json\/wp\/v2\/comments?post=265"}],"version-history":[{"count":19,"href":"https:\/\/humushof-stiftung.de\/bbs-popp\/wp-json\/wp\/v2\/pages\/265\/revisions"}],"predecessor-version":[{"id":490,"href":"https:\/\/humushof-stiftung.de\/bbs-popp\/wp-json\/wp\/v2\/pages\/265\/revisions\/490"}],"wp:attachment":[{"href":"https:\/\/humushof-stiftung.de\/bbs-popp\/wp-json\/wp\/v2\/media?parent=265"}],"curies":[{"name":"wp","href":"https:\/\/api.w.org\/{rel}","templated":true}]}}