{"id":95,"date":"2025-08-17T16:36:43","date_gmt":"2025-08-17T14:36:43","guid":{"rendered":"https:\/\/humushof-stiftung.de\/bbs-popp\/?page_id=95"},"modified":"2025-09-25T21:38:54","modified_gmt":"2025-09-25T19:38:54","slug":"referenzen","status":"publish","type":"page","link":"https:\/\/humushof-stiftung.de\/bbs-popp\/referenzen\/","title":{"rendered":"Referenzen"},"content":{"rendered":"\t\t<div data-elementor-type=\"wp-page\" data-elementor-id=\"95\" class=\"elementor elementor-95\">\n\t\t\t\t<div class=\"elementor-element elementor-element-c9a1487 e-flex e-con-boxed e-con e-parent\" data-id=\"c9a1487\" data-element_type=\"container\" data-e-type=\"container\">\n\t\t\t\t\t<div class=\"e-con-inner\">\n\t\t\t\t<div class=\"elementor-element elementor-element-29a2620 elementor-widget elementor-widget-spacer\" data-id=\"29a2620\" data-element_type=\"widget\" data-e-type=\"widget\" data-widget_type=\"spacer.default\">\n\t\t\t\t\t\t\t<div class=\"elementor-spacer\">\n\t\t\t<div class=\"elementor-spacer-inner\"><\/div>\n\t\t<\/div>\n\t\t\t\t\t\t<\/div>\n\t\t\t\t<div class=\"elementor-element elementor-element-a0fd086 elementor-widget elementor-widget-text-editor\" data-id=\"a0fd086\" data-element_type=\"widget\" data-e-type=\"widget\" data-widget_type=\"text-editor.default\">\n\t\t\t\t\t\t\t\t\t<p>Durch anf\u00e4nglichen Einsatz von Selbstgemachten Kompost auf den Feldern wird jetzt auf einer Betonfl\u00e4che Kleegras und Strauchschnitt zu Kompost aufgesetzt.<\/p><p>Es werden nur Rohstoffe aus Landwirtschaft, Strauch und Baumschnitt verwendet.<\/p><p>Als vorteilhaft hat sich Regelm\u00e4\u00dfiges umsetzen mit einem Kompost-Wender unter der Beachtung des optimalen Temperaturverlaufs herausgestellt.<\/p><p>Das Ausgangsmaterial ist besser f\u00fcr die Bodenlebewesen und das C:N (Kohlenstoff: Stickstoff) Verh\u00e4ltnis wird gesteigert.<\/p><p>Nebeneffekte sind hierbei h\u00f6here Wasser-Speicherung der ged\u00fcngten B\u00f6den und eine bessere Erw\u00e4rmung.<\/p><p>Die B\u00f6den f\u00e4rben sich dunkel wenn die Bodenbearbeitung aufbauend angepasst wird.<\/p>\t\t\t\t\t\t\t\t<\/div>\n\t\t\t\t<div class=\"elementor-element elementor-element-ab26455 elementor-widget elementor-widget-image\" data-id=\"ab26455\" data-element_type=\"widget\" data-e-type=\"widget\" data-widget_type=\"image.default\">\n\t\t\t\t\t\t\t\t\t\t\t\t\t\t\t<img fetchpriority=\"high\" decoding=\"async\" width=\"640\" height=\"480\" src=\"https:\/\/humushof-stiftung.de\/bbs-popp\/wp-content\/uploads\/sites\/2\/2025\/09\/IMG_1249.jpg\" class=\"attachment-large size-large wp-image-443\" alt=\"\" srcset=\"https:\/\/humushof-stiftung.de\/bbs-popp\/wp-content\/uploads\/sites\/2\/2025\/09\/IMG_1249.jpg 640w, https:\/\/humushof-stiftung.de\/bbs-popp\/wp-content\/uploads\/sites\/2\/2025\/09\/IMG_1249-300x225.jpg 300w\" sizes=\"(max-width: 640px) 100vw, 640px\" \/>\t\t\t\t\t\t\t\t\t\t\t\t\t\t\t<\/div>\n\t\t\t\t<div class=\"elementor-element elementor-element-8d78830 elementor-widget elementor-widget-image\" data-id=\"8d78830\" data-element_type=\"widget\" data-e-type=\"widget\" data-widget_type=\"image.default\">\n\t\t\t\t\t\t\t\t\t\t\t\t\t\t\t<img decoding=\"async\" width=\"217\" height=\"300\" src=\"https:\/\/humushof-stiftung.de\/bbs-popp\/wp-content\/uploads\/sites\/2\/2025\/09\/IMG_1257-217x300.jpg\" class=\"attachment-medium size-medium wp-image-442\" alt=\"\" srcset=\"https:\/\/humushof-stiftung.de\/bbs-popp\/wp-content\/uploads\/sites\/2\/2025\/09\/IMG_1257-217x300.jpg 217w, https:\/\/humushof-stiftung.de\/bbs-popp\/wp-content\/uploads\/sites\/2\/2025\/09\/IMG_1257.jpg 462w\" sizes=\"(max-width: 217px) 100vw, 217px\" \/>\t\t\t\t\t\t\t\t\t\t\t\t\t\t\t<\/div>\n\t\t\t\t<div class=\"elementor-element elementor-element-ce9edf6 elementor-widget elementor-widget-spacer\" data-id=\"ce9edf6\" data-element_type=\"widget\" data-e-type=\"widget\" data-widget_type=\"spacer.default\">\n\t\t\t\t\t\t\t<div class=\"elementor-spacer\">\n\t\t\t<div class=\"elementor-spacer-inner\"><\/div>\n\t\t<\/div>\n\t\t\t\t\t\t<\/div>\n\t\t\t\t<div class=\"elementor-element elementor-element-f0c097d elementor-widget elementor-widget-spacer\" data-id=\"f0c097d\" data-element_type=\"widget\" data-e-type=\"widget\" data-widget_type=\"spacer.default\">\n\t\t\t\t\t\t\t<div class=\"elementor-spacer\">\n\t\t\t<div class=\"elementor-spacer-inner\"><\/div>\n\t\t<\/div>\n\t\t\t\t\t\t<\/div>\n\t\t\t\t<div class=\"elementor-element elementor-element-9ad6fa7 elementor-position-top elementor-widget elementor-widget-image-box\" data-id=\"9ad6fa7\" data-element_type=\"widget\" data-e-type=\"widget\" data-widget_type=\"image-box.default\">\n\t\t\t\t\t<div class=\"elementor-image-box-wrapper\"><figure class=\"elementor-image-box-img\"><img decoding=\"async\" width=\"444\" height=\"439\" src=\"https:\/\/humushof-stiftung.de\/bbs-popp\/wp-content\/uploads\/sites\/2\/2025\/08\/Roggenfeld-Drusch.png\" class=\"attachment-full size-full wp-image-38\" alt=\"\" srcset=\"https:\/\/humushof-stiftung.de\/bbs-popp\/wp-content\/uploads\/sites\/2\/2025\/08\/Roggenfeld-Drusch.png 444w, https:\/\/humushof-stiftung.de\/bbs-popp\/wp-content\/uploads\/sites\/2\/2025\/08\/Roggenfeld-Drusch-300x297.png 300w\" sizes=\"(max-width: 444px) 100vw, 444px\" \/><\/figure><div class=\"elementor-image-box-content\"><h3 class=\"elementor-image-box-title\">Roggenfeld nach dem Drusch<\/h3><\/div><\/div>\t\t\t\t<\/div>\n\t\t\t\t<div class=\"elementor-element elementor-element-22e54ca elementor-widget elementor-widget-spacer\" data-id=\"22e54ca\" data-element_type=\"widget\" data-e-type=\"widget\" data-widget_type=\"spacer.default\">\n\t\t\t\t\t\t\t<div class=\"elementor-spacer\">\n\t\t\t<div class=\"elementor-spacer-inner\"><\/div>\n\t\t<\/div>\n\t\t\t\t\t\t<\/div>\n\t\t\t\t<div class=\"elementor-element elementor-element-66e7e97 elementor-position-top elementor-widget elementor-widget-image-box\" data-id=\"66e7e97\" data-element_type=\"widget\" data-e-type=\"widget\" data-widget_type=\"image-box.default\">\n\t\t\t\t\t<div class=\"elementor-image-box-wrapper\"><figure class=\"elementor-image-box-img\"><img loading=\"lazy\" decoding=\"async\" width=\"444\" height=\"439\" src=\"https:\/\/humushof-stiftung.de\/bbs-popp\/wp-content\/uploads\/sites\/2\/2025\/08\/Roggenfelduntersaat-Gras.png\" class=\"attachment-full size-full wp-image-37\" alt=\"\" srcset=\"https:\/\/humushof-stiftung.de\/bbs-popp\/wp-content\/uploads\/sites\/2\/2025\/08\/Roggenfelduntersaat-Gras.png 444w, https:\/\/humushof-stiftung.de\/bbs-popp\/wp-content\/uploads\/sites\/2\/2025\/08\/Roggenfelduntersaat-Gras-300x297.png 300w\" sizes=\"(max-width: 444px) 100vw, 444px\" \/><\/figure><div class=\"elementor-image-box-content\"><h3 class=\"elementor-image-box-title\">14 Tage nachher kommt das Untersaatgras durch<\/h3><\/div><\/div>\t\t\t\t<\/div>\n\t\t\t\t<div class=\"elementor-element elementor-element-efb3a2d elementor-widget elementor-widget-spacer\" data-id=\"efb3a2d\" data-element_type=\"widget\" data-e-type=\"widget\" data-widget_type=\"spacer.default\">\n\t\t\t\t\t\t\t<div class=\"elementor-spacer\">\n\t\t\t<div class=\"elementor-spacer-inner\"><\/div>\n\t\t<\/div>\n\t\t\t\t\t\t<\/div>\n\t\t\t\t<div class=\"elementor-element elementor-element-e3d4bf8 elementor-position-top elementor-widget elementor-widget-image-box\" data-id=\"e3d4bf8\" data-element_type=\"widget\" data-e-type=\"widget\" data-widget_type=\"image-box.default\">\n\t\t\t\t\t<div class=\"elementor-image-box-wrapper\"><figure class=\"elementor-image-box-img\"><img loading=\"lazy\" decoding=\"async\" width=\"1067\" height=\"800\" src=\"https:\/\/humushof-stiftung.de\/bbs-popp\/wp-content\/uploads\/sites\/2\/2025\/08\/bbs_2016_feldrand_stroh_gras.jpg\" class=\"attachment-full size-full wp-image-64\" alt=\"\" srcset=\"https:\/\/humushof-stiftung.de\/bbs-popp\/wp-content\/uploads\/sites\/2\/2025\/08\/bbs_2016_feldrand_stroh_gras.jpg 1067w, https:\/\/humushof-stiftung.de\/bbs-popp\/wp-content\/uploads\/sites\/2\/2025\/08\/bbs_2016_feldrand_stroh_gras-300x225.jpg 300w, https:\/\/humushof-stiftung.de\/bbs-popp\/wp-content\/uploads\/sites\/2\/2025\/08\/bbs_2016_feldrand_stroh_gras-1024x768.jpg 1024w, https:\/\/humushof-stiftung.de\/bbs-popp\/wp-content\/uploads\/sites\/2\/2025\/08\/bbs_2016_feldrand_stroh_gras-768x576.jpg 768w\" sizes=\"(max-width: 1067px) 100vw, 1067px\" \/><\/figure><div class=\"elementor-image-box-content\"><h3 class=\"elementor-image-box-title\">Stroh mit Gras wurde mit Schwadm\u00e4her zusammen gelegt und am Feldrand mit Gr\u00fcngutabf\u00e4llen gelagert<\/h3><\/div><\/div>\t\t\t\t<\/div>\n\t\t\t\t<div class=\"elementor-element elementor-element-b062e4b elementor-widget elementor-widget-spacer\" data-id=\"b062e4b\" data-element_type=\"widget\" data-e-type=\"widget\" data-widget_type=\"spacer.default\">\n\t\t\t\t\t\t\t<div class=\"elementor-spacer\">\n\t\t\t<div class=\"elementor-spacer-inner\"><\/div>\n\t\t<\/div>\n\t\t\t\t\t\t<\/div>\n\t\t\t\t<div class=\"elementor-element elementor-element-deb6aa1 elementor-position-top elementor-widget elementor-widget-image-box\" data-id=\"deb6aa1\" data-element_type=\"widget\" data-e-type=\"widget\" data-widget_type=\"image-box.default\">\n\t\t\t\t\t<div class=\"elementor-image-box-wrapper\"><figure class=\"elementor-image-box-img\"><img loading=\"lazy\" decoding=\"async\" width=\"1067\" height=\"800\" src=\"https:\/\/humushof-stiftung.de\/bbs-popp\/wp-content\/uploads\/sites\/2\/2025\/08\/bbs_2016_mischung_nach_aufsetzen-1.jpg\" class=\"attachment-full size-full wp-image-171\" alt=\"\" srcset=\"https:\/\/humushof-stiftung.de\/bbs-popp\/wp-content\/uploads\/sites\/2\/2025\/08\/bbs_2016_mischung_nach_aufsetzen-1.jpg 1067w, https:\/\/humushof-stiftung.de\/bbs-popp\/wp-content\/uploads\/sites\/2\/2025\/08\/bbs_2016_mischung_nach_aufsetzen-1-300x225.jpg 300w, https:\/\/humushof-stiftung.de\/bbs-popp\/wp-content\/uploads\/sites\/2\/2025\/08\/bbs_2016_mischung_nach_aufsetzen-1-1024x768.jpg 1024w, https:\/\/humushof-stiftung.de\/bbs-popp\/wp-content\/uploads\/sites\/2\/2025\/08\/bbs_2016_mischung_nach_aufsetzen-1-768x576.jpg 768w\" sizes=\"(max-width: 1067px) 100vw, 1067px\" \/><\/figure><div class=\"elementor-image-box-content\"><h3 class=\"elementor-image-box-title\">Material wird w\u00e4hrend des Aufsetzen nochmal gemischt<\/h3><\/div><\/div>\t\t\t\t<\/div>\n\t\t\t\t<div class=\"elementor-element elementor-element-bc23552 elementor-widget elementor-widget-spacer\" data-id=\"bc23552\" data-element_type=\"widget\" data-e-type=\"widget\" data-widget_type=\"spacer.default\">\n\t\t\t\t\t\t\t<div class=\"elementor-spacer\">\n\t\t\t<div class=\"elementor-spacer-inner\"><\/div>\n\t\t<\/div>\n\t\t\t\t\t\t<\/div>\n\t\t\t\t<div class=\"elementor-element elementor-element-7fca9e3 elementor-position-top elementor-widget elementor-widget-image-box\" data-id=\"7fca9e3\" data-element_type=\"widget\" data-e-type=\"widget\" data-widget_type=\"image-box.default\">\n\t\t\t\t\t<div class=\"elementor-image-box-wrapper\"><figure class=\"elementor-image-box-img\"><img loading=\"lazy\" decoding=\"async\" width=\"517\" height=\"383\" src=\"https:\/\/humushof-stiftung.de\/bbs-popp\/wp-content\/uploads\/sites\/2\/2025\/08\/Komposthaufen-verfestigt.png\" class=\"attachment-full size-full wp-image-40\" alt=\"\" srcset=\"https:\/\/humushof-stiftung.de\/bbs-popp\/wp-content\/uploads\/sites\/2\/2025\/08\/Komposthaufen-verfestigt.png 517w, https:\/\/humushof-stiftung.de\/bbs-popp\/wp-content\/uploads\/sites\/2\/2025\/08\/Komposthaufen-verfestigt-300x222.png 300w\" sizes=\"(max-width: 517px) 100vw, 517px\" \/><\/figure><div class=\"elementor-image-box-content\"><h3 class=\"elementor-image-box-title\">Komposthaufen nach dem Aufsetzen, verfestigt<\/h3><\/div><\/div>\t\t\t\t<\/div>\n\t\t\t\t<div class=\"elementor-element elementor-element-c4aa331 elementor-widget elementor-widget-spacer\" data-id=\"c4aa331\" data-element_type=\"widget\" data-e-type=\"widget\" data-widget_type=\"spacer.default\">\n\t\t\t\t\t\t\t<div class=\"elementor-spacer\">\n\t\t\t<div class=\"elementor-spacer-inner\"><\/div>\n\t\t<\/div>\n\t\t\t\t\t\t<\/div>\n\t\t\t\t<div class=\"elementor-element elementor-element-80ccb72 elementor-position-top elementor-widget elementor-widget-image-box\" data-id=\"80ccb72\" data-element_type=\"widget\" data-e-type=\"widget\" data-widget_type=\"image-box.default\">\n\t\t\t\t\t<div class=\"elementor-image-box-wrapper\"><figure class=\"elementor-image-box-img\"><img loading=\"lazy\" decoding=\"async\" width=\"327\" height=\"442\" src=\"https:\/\/humushof-stiftung.de\/bbs-popp\/wp-content\/uploads\/sites\/2\/2025\/08\/Fertig-MC-Kompost.png\" class=\"attachment-full size-full wp-image-41\" alt=\"\" srcset=\"https:\/\/humushof-stiftung.de\/bbs-popp\/wp-content\/uploads\/sites\/2\/2025\/08\/Fertig-MC-Kompost.png 327w, https:\/\/humushof-stiftung.de\/bbs-popp\/wp-content\/uploads\/sites\/2\/2025\/08\/Fertig-MC-Kompost-222x300.png 222w\" sizes=\"(max-width: 327px) 100vw, 327px\" \/><\/figure><div class=\"elementor-image-box-content\"><h3 class=\"elementor-image-box-title\">Fertig abgedeckter Kompost<\/h3><\/div><\/div>\t\t\t\t<\/div>\n\t\t\t\t\t<\/div>\n\t\t\t\t<\/div>\n\t\t\t\t<\/div>\n\t\t","protected":false},"excerpt":{"rendered":"<p>Durch anf\u00e4nglichen Einsatz von Selbstgemachten Kompost auf den Feldern wird jetzt auf einer Betonfl\u00e4che Kleegras und Strauchschnitt zu Kompost aufgesetzt. Es werden nur Rohstoffe aus Landwirtschaft, Strauch und Baumschnitt verwendet. Als vorteilhaft hat sich Regelm\u00e4\u00dfiges umsetzen mit einem Kompost-Wender unter der Beachtung des optimalen Temperaturverlaufs herausgestellt. Das Ausgangsmaterial ist besser f\u00fcr die Bodenlebewesen und das C:N (Kohlenstoff: Stickstoff) Verh\u00e4ltnis wird gesteigert. Nebeneffekte sind hierbei h\u00f6here Wasser-Speicherung der ged\u00fcngten B\u00f6den und eine bessere Erw\u00e4rmung. Die B\u00f6den f\u00e4rben sich dunkel wenn die Bodenbearbeitung aufbauend angepasst wird. Roggenfeld nach dem Drusch 14 Tage nachher kommt das Untersaatgras durch Stroh mit Gras wurde mit Schwadm\u00e4her zusammen gelegt und am Feldrand mit Gr\u00fcngutabf\u00e4llen gelagert Material wird w\u00e4hrend des Aufsetzen nochmal gemischt Komposthaufen nach dem Aufsetzen, verfestigt Fertig abgedeckter Kompost<\/p>\n","protected":false},"author":2,"featured_media":0,"parent":0,"menu_order":0,"comment_status":"closed","ping_status":"closed","template":"elementor_header_footer","meta":{"footnotes":""},"class_list":["post-95","page","type-page","status-publish","hentry"],"yoast_head":"<!-- This site is optimized with the Yoast SEO plugin v27.4 - https:\/\/yoast.com\/product\/yoast-seo-wordpress\/ -->\n<title>Referenzen - Beratung - Betriebsmittel - Service<\/title>\n<meta name=\"robots\" content=\"index, follow, max-snippet:-1, max-image-preview:large, max-video-preview:-1\" \/>\n<link rel=\"canonical\" href=\"https:\/\/humushof-stiftung.de\/bbs-popp\/referenzen\/\" \/>\n<meta property=\"og:locale\" content=\"de_DE\" \/>\n<meta property=\"og:type\" content=\"article\" \/>\n<meta property=\"og:title\" content=\"Referenzen - Beratung - Betriebsmittel - Service\" \/>\n<meta property=\"og:description\" content=\"Durch anf\u00e4nglichen Einsatz von Selbstgemachten Kompost auf den Feldern wird jetzt auf einer Betonfl\u00e4che Kleegras und Strauchschnitt zu Kompost aufgesetzt. Es werden nur Rohstoffe aus Landwirtschaft, Strauch und Baumschnitt verwendet. Als vorteilhaft hat sich Regelm\u00e4\u00dfiges umsetzen mit einem Kompost-Wender unter der Beachtung des optimalen Temperaturverlaufs herausgestellt. Das Ausgangsmaterial ist besser f\u00fcr die Bodenlebewesen und das C:N (Kohlenstoff: Stickstoff) Verh\u00e4ltnis wird gesteigert. Nebeneffekte sind hierbei h\u00f6here Wasser-Speicherung der ged\u00fcngten B\u00f6den und eine bessere Erw\u00e4rmung. Die B\u00f6den f\u00e4rben sich dunkel wenn die Bodenbearbeitung aufbauend angepasst wird. Roggenfeld nach dem Drusch 14 Tage nachher kommt das Untersaatgras durch Stroh mit Gras wurde mit Schwadm\u00e4her zusammen gelegt und am Feldrand mit Gr\u00fcngutabf\u00e4llen gelagert Material wird w\u00e4hrend des Aufsetzen nochmal gemischt Komposthaufen nach dem Aufsetzen, verfestigt Fertig abgedeckter Kompost\" \/>\n<meta property=\"og:url\" content=\"https:\/\/humushof-stiftung.de\/bbs-popp\/referenzen\/\" \/>\n<meta property=\"og:site_name\" content=\"Beratung - Betriebsmittel - Service\" \/>\n<meta property=\"article:modified_time\" content=\"2025-09-25T19:38:54+00:00\" \/>\n<meta property=\"og:image\" content=\"https:\/\/humushof-stiftung.de\/bbs-popp\/wp-content\/uploads\/sites\/2\/2025\/09\/IMG_1249.jpg\" \/>\n\t<meta property=\"og:image:width\" content=\"640\" \/>\n\t<meta property=\"og:image:height\" content=\"480\" \/>\n\t<meta property=\"og:image:type\" content=\"image\/jpeg\" \/>\n<meta name=\"twitter:card\" content=\"summary_large_image\" \/>\n<meta name=\"twitter:label1\" content=\"Gesch\u00e4tzte Lesezeit\" \/>\n\t<meta name=\"twitter:data1\" content=\"2\u00a0Minuten\" \/>\n<script type=\"application\/ld+json\" class=\"yoast-schema-graph\">{\"@context\":\"https:\\\/\\\/schema.org\",\"@graph\":[{\"@type\":\"WebPage\",\"@id\":\"https:\\\/\\\/humushof-stiftung.de\\\/bbs-popp\\\/referenzen\\\/\",\"url\":\"https:\\\/\\\/humushof-stiftung.de\\\/bbs-popp\\\/referenzen\\\/\",\"name\":\"Referenzen - Beratung - Betriebsmittel - Service\",\"isPartOf\":{\"@id\":\"https:\\\/\\\/humushof-stiftung.de\\\/bbs-popp\\\/#website\"},\"primaryImageOfPage\":{\"@id\":\"https:\\\/\\\/humushof-stiftung.de\\\/bbs-popp\\\/referenzen\\\/#primaryimage\"},\"image\":{\"@id\":\"https:\\\/\\\/humushof-stiftung.de\\\/bbs-popp\\\/referenzen\\\/#primaryimage\"},\"thumbnailUrl\":\"https:\\\/\\\/humushof-stiftung.de\\\/bbs-popp\\\/wp-content\\\/uploads\\\/sites\\\/2\\\/2025\\\/09\\\/IMG_1249.jpg\",\"datePublished\":\"2025-08-17T14:36:43+00:00\",\"dateModified\":\"2025-09-25T19:38:54+00:00\",\"breadcrumb\":{\"@id\":\"https:\\\/\\\/humushof-stiftung.de\\\/bbs-popp\\\/referenzen\\\/#breadcrumb\"},\"inLanguage\":\"de\",\"potentialAction\":[{\"@type\":\"ReadAction\",\"target\":[\"https:\\\/\\\/humushof-stiftung.de\\\/bbs-popp\\\/referenzen\\\/\"]}]},{\"@type\":\"ImageObject\",\"inLanguage\":\"de\",\"@id\":\"https:\\\/\\\/humushof-stiftung.de\\\/bbs-popp\\\/referenzen\\\/#primaryimage\",\"url\":\"https:\\\/\\\/humushof-stiftung.de\\\/bbs-popp\\\/wp-content\\\/uploads\\\/sites\\\/2\\\/2025\\\/09\\\/IMG_1249.jpg\",\"contentUrl\":\"https:\\\/\\\/humushof-stiftung.de\\\/bbs-popp\\\/wp-content\\\/uploads\\\/sites\\\/2\\\/2025\\\/09\\\/IMG_1249.jpg\",\"width\":640,\"height\":480},{\"@type\":\"BreadcrumbList\",\"@id\":\"https:\\\/\\\/humushof-stiftung.de\\\/bbs-popp\\\/referenzen\\\/#breadcrumb\",\"itemListElement\":[{\"@type\":\"ListItem\",\"position\":1,\"name\":\"Startseite\",\"item\":\"https:\\\/\\\/humushof-stiftung.de\\\/bbs-popp\\\/\"},{\"@type\":\"ListItem\",\"position\":2,\"name\":\"Referenzen\"}]},{\"@type\":\"WebSite\",\"@id\":\"https:\\\/\\\/humushof-stiftung.de\\\/bbs-popp\\\/#website\",\"url\":\"https:\\\/\\\/humushof-stiftung.de\\\/bbs-popp\\\/\",\"name\":\"Beratung - Betriebsmittel - Service\",\"description\":\"Michael Popp\",\"potentialAction\":[{\"@type\":\"SearchAction\",\"target\":{\"@type\":\"EntryPoint\",\"urlTemplate\":\"https:\\\/\\\/humushof-stiftung.de\\\/bbs-popp\\\/?s={search_term_string}\"},\"query-input\":{\"@type\":\"PropertyValueSpecification\",\"valueRequired\":true,\"valueName\":\"search_term_string\"}}],\"inLanguage\":\"de\"}]}<\/script>\n<!-- \/ Yoast SEO plugin. -->","yoast_head_json":{"title":"Referenzen - Beratung - Betriebsmittel - Service","robots":{"index":"index","follow":"follow","max-snippet":"max-snippet:-1","max-image-preview":"max-image-preview:large","max-video-preview":"max-video-preview:-1"},"canonical":"https:\/\/humushof-stiftung.de\/bbs-popp\/referenzen\/","og_locale":"de_DE","og_type":"article","og_title":"Referenzen - Beratung - Betriebsmittel - Service","og_description":"Durch anf\u00e4nglichen Einsatz von Selbstgemachten Kompost auf den Feldern wird jetzt auf einer Betonfl\u00e4che Kleegras und Strauchschnitt zu Kompost aufgesetzt. Es werden nur Rohstoffe aus Landwirtschaft, Strauch und Baumschnitt verwendet. Als vorteilhaft hat sich Regelm\u00e4\u00dfiges umsetzen mit einem Kompost-Wender unter der Beachtung des optimalen Temperaturverlaufs herausgestellt. Das Ausgangsmaterial ist besser f\u00fcr die Bodenlebewesen und das C:N (Kohlenstoff: Stickstoff) Verh\u00e4ltnis wird gesteigert. Nebeneffekte sind hierbei h\u00f6here Wasser-Speicherung der ged\u00fcngten B\u00f6den und eine bessere Erw\u00e4rmung. Die B\u00f6den f\u00e4rben sich dunkel wenn die Bodenbearbeitung aufbauend angepasst wird. Roggenfeld nach dem Drusch 14 Tage nachher kommt das Untersaatgras durch Stroh mit Gras wurde mit Schwadm\u00e4her zusammen gelegt und am Feldrand mit Gr\u00fcngutabf\u00e4llen gelagert Material wird w\u00e4hrend des Aufsetzen nochmal gemischt Komposthaufen nach dem Aufsetzen, verfestigt Fertig abgedeckter Kompost","og_url":"https:\/\/humushof-stiftung.de\/bbs-popp\/referenzen\/","og_site_name":"Beratung - Betriebsmittel - Service","article_modified_time":"2025-09-25T19:38:54+00:00","og_image":[{"width":640,"height":480,"url":"https:\/\/humushof-stiftung.de\/bbs-popp\/wp-content\/uploads\/sites\/2\/2025\/09\/IMG_1249.jpg","type":"image\/jpeg"}],"twitter_card":"summary_large_image","twitter_misc":{"Gesch\u00e4tzte Lesezeit":"2\u00a0Minuten"},"schema":{"@context":"https:\/\/schema.org","@graph":[{"@type":"WebPage","@id":"https:\/\/humushof-stiftung.de\/bbs-popp\/referenzen\/","url":"https:\/\/humushof-stiftung.de\/bbs-popp\/referenzen\/","name":"Referenzen - Beratung - Betriebsmittel - Service","isPartOf":{"@id":"https:\/\/humushof-stiftung.de\/bbs-popp\/#website"},"primaryImageOfPage":{"@id":"https:\/\/humushof-stiftung.de\/bbs-popp\/referenzen\/#primaryimage"},"image":{"@id":"https:\/\/humushof-stiftung.de\/bbs-popp\/referenzen\/#primaryimage"},"thumbnailUrl":"https:\/\/humushof-stiftung.de\/bbs-popp\/wp-content\/uploads\/sites\/2\/2025\/09\/IMG_1249.jpg","datePublished":"2025-08-17T14:36:43+00:00","dateModified":"2025-09-25T19:38:54+00:00","breadcrumb":{"@id":"https:\/\/humushof-stiftung.de\/bbs-popp\/referenzen\/#breadcrumb"},"inLanguage":"de","potentialAction":[{"@type":"ReadAction","target":["https:\/\/humushof-stiftung.de\/bbs-popp\/referenzen\/"]}]},{"@type":"ImageObject","inLanguage":"de","@id":"https:\/\/humushof-stiftung.de\/bbs-popp\/referenzen\/#primaryimage","url":"https:\/\/humushof-stiftung.de\/bbs-popp\/wp-content\/uploads\/sites\/2\/2025\/09\/IMG_1249.jpg","contentUrl":"https:\/\/humushof-stiftung.de\/bbs-popp\/wp-content\/uploads\/sites\/2\/2025\/09\/IMG_1249.jpg","width":640,"height":480},{"@type":"BreadcrumbList","@id":"https:\/\/humushof-stiftung.de\/bbs-popp\/referenzen\/#breadcrumb","itemListElement":[{"@type":"ListItem","position":1,"name":"Startseite","item":"https:\/\/humushof-stiftung.de\/bbs-popp\/"},{"@type":"ListItem","position":2,"name":"Referenzen"}]},{"@type":"WebSite","@id":"https:\/\/humushof-stiftung.de\/bbs-popp\/#website","url":"https:\/\/humushof-stiftung.de\/bbs-popp\/","name":"Beratung - Betriebsmittel - Service","description":"Michael Popp","potentialAction":[{"@type":"SearchAction","target":{"@type":"EntryPoint","urlTemplate":"https:\/\/humushof-stiftung.de\/bbs-popp\/?s={search_term_string}"},"query-input":{"@type":"PropertyValueSpecification","valueRequired":true,"valueName":"search_term_string"}}],"inLanguage":"de"}]}},"_links":{"self":[{"href":"https:\/\/humushof-stiftung.de\/bbs-popp\/wp-json\/wp\/v2\/pages\/95","targetHints":{"allow":["GET"]}}],"collection":[{"href":"https:\/\/humushof-stiftung.de\/bbs-popp\/wp-json\/wp\/v2\/pages"}],"about":[{"href":"https:\/\/humushof-stiftung.de\/bbs-popp\/wp-json\/wp\/v2\/types\/page"}],"author":[{"embeddable":true,"href":"https:\/\/humushof-stiftung.de\/bbs-popp\/wp-json\/wp\/v2\/users\/2"}],"replies":[{"embeddable":true,"href":"https:\/\/humushof-stiftung.de\/bbs-popp\/wp-json\/wp\/v2\/comments?post=95"}],"version-history":[{"count":22,"href":"https:\/\/humushof-stiftung.de\/bbs-popp\/wp-json\/wp\/v2\/pages\/95\/revisions"}],"predecessor-version":[{"id":471,"href":"https:\/\/humushof-stiftung.de\/bbs-popp\/wp-json\/wp\/v2\/pages\/95\/revisions\/471"}],"wp:attachment":[{"href":"https:\/\/humushof-stiftung.de\/bbs-popp\/wp-json\/wp\/v2\/media?parent=95"}],"curies":[{"name":"wp","href":"https:\/\/api.w.org\/{rel}","templated":true}]}}